{"id":4548,"date":"2024-05-02T21:00:37","date_gmt":"2024-05-02T19:00:37","guid":{"rendered":"https:\/\/www.jacobautorent.ro\/vehiculo-individual\/"},"modified":"2025-03-13T15:33:01","modified_gmt":"2025-03-13T13:33:01","slug":"vehiculo-individual","status":"publish","type":"page","link":"https:\/\/www.jacobautorent.ro\/es\/vehiculo-individual\/","title":{"rendered":"Veh\u00edculo individual"},"content":{"rendered":"\n<div class=\"wp-block-columns is-layout-flex wp-container-core-columns-is-layout-9d6595d7 wp-block-columns-is-layout-flex\">\n<div class=\"wp-block-column rentsyst-catalog-item-wrap is-layout-flow wp-block-column-is-layout-flow\" style=\"flex-basis:75%\">\n\n\n\n\n<p class=\"rentsyst-info-box has-large-font-size\"><strong><\/strong><\/p>\n\n\n\n<div class=\"wp-block-columns rentsyst-info-box is-layout-flex wp-container-core-columns-is-layout-9d6595d7 wp-block-columns-is-layout-flex\">\n<div class=\"wp-block-column is-layout-flow wp-block-column-is-layout-flow\">\n<p>Categor\u00eda:  <strong><\/strong><\/p>\n\n\n\n<p>Transmisi\u00f3n:  <strong><\/strong><\/p>\n\n\n\n<p>N\u00famero de pasajeros:  <strong><\/strong><\/p>\n\n\n\n<p>Equipaje:  <strong><\/strong><\/p>\n\n\n\n<p>Cuerpo:  <strong><\/strong><\/p>\n<\/div>\n\n\n\n<div class=\"wp-block-column is-layout-flow wp-block-column-is-layout-flow\">\n<p>A\u00f1o de fabricaci\u00f3n:  <strong><\/strong><\/p>\n\n\n\n<p>Combustible:  <strong><\/strong><\/p>\n\n\n\n<p>N\u00famero de puertas:  <strong><\/strong><\/p>\n\n\n\n<p>Color:  <strong><\/strong><\/p>\n\n\n\n<p><\/p>\n<\/div>\n<\/div>\n\n\n\n<div class=\"wp-block-group rentsyst-info-box\"><div class=\"wp-block-group__inner-container is-layout-flow wp-block-group-is-layout-flow\">\n<p>Opciones:  <strong><\/strong><\/p>\n<\/div><\/div>\n<\/div>\n\n\n\n<div class=\"wp-block-column rentsyst-paragraph is-layout-flow wp-block-column-is-layout-flow\" style=\"flex-basis:25%\">\n<p class=\"has-text-align-right\" style=\"font-size:30px\"><strong>tarifas<\/strong><\/p>\n\n\n\n<div class=\"wp-block-group rentsyst-price-per-day\"><div class=\"wp-block-group__inner-container is-layout-flow wp-block-group-is-layout-flow\">\n<p class=\"has-text-color has-text-align-right has-small-font-size has-cyan-bluish-gray-color\">Precio por 1 d\u00eda<\/p>\n\n\n\n<p class=\"has-text-align-right\" style=\"font-size:23px\"><strong> \u20ac<\/strong><\/p>\n<\/div><\/div>\n\n\n\n\n\n\n\n<div class=\"wp-block-button is-style-fill rentsyst-booking alignright\"><a class=\"wp-block-button__link wp-element-button\" style=\"border-radius:4px\">LIBRO<\/a><\/div>\n\n\n\n<p><\/p>\n<\/div>\n<\/div>\n\n<div class=\"wp-block-columns is-layout-flex wp-container-core-columns-is-layout-9d6595d7 wp-block-columns-is-layout-flex\">\n<div class=\"wp-block-column rentsyst-catalog-item-wrap is-layout-flow wp-block-column-is-layout-flow\" style=\"flex-basis:75%\">\n<p class=\"rentsyst-info-box\" style=\"font-size:27px\"><strong>DESCRIPCI\u00d3N<\/strong><\/p>\n\n\n\n<div class=\"wp-block-group rentsyst-info-box\"><div class=\"wp-block-group__inner-container is-layout-flow wp-block-group-is-layout-flow\">\n\n<\/div><\/div>\n<\/div>\n\n\n\n<div class=\"wp-block-column is-layout-flow wp-block-column-is-layout-flow\" style=\"flex-basis:25%\"><\/div>\n<\/div>\n\n<p><\/p>\n","protected":false},"excerpt":{"rendered":"<p>Categor\u00eda: Transmisi\u00f3n: N\u00famero de pasajeros: Equipaje: Cuerpo: A\u00f1o de fabricaci\u00f3n: Combustible: N\u00famero de puertas: Color: Opciones: tarifas Precio por 1 d\u00eda DESCRIPCI\u00d3N<\/p>\n","protected":false},"author":4,"featured_media":0,"parent":0,"menu_order":0,"comment_status":"closed","ping_status":"closed","template":"","meta":{"_acf_changed":false,"footnotes":""},"class_list":["post-4548","page","type-page","status-publish","hentry"],"acf":[],"yoast_head":"<!-- This site is optimized with the Yoast SEO plugin v27.5 - https:\/\/yoast.com\/product\/yoast-seo-wordpress\/ -->\n<title>Veh\u00edculo individual - Jacob Auto Rent<\/title>\n<meta name=\"robots\" content=\"index, follow, max-snippet:-1, max-image-preview:large, max-video-preview:-1\" \/>\n<link rel=\"canonical\" href=\"https:\/\/www.jacobautorent.ro\/es\/vehiculo-individual\/\" \/>\n<meta property=\"og:locale\" content=\"es_ES\" \/>\n<meta property=\"og:type\" content=\"article\" \/>\n<meta property=\"og:title\" content=\"Veh\u00edculo individual - Jacob Auto Rent\" \/>\n<meta property=\"og:description\" content=\"Categor\u00eda: Transmisi\u00f3n: N\u00famero de pasajeros: Equipaje: Cuerpo: A\u00f1o de fabricaci\u00f3n: Combustible: N\u00famero de puertas: Color: Opciones: tarifas Precio por 1 d\u00eda DESCRIPCI\u00d3N\" \/>\n<meta property=\"og:url\" content=\"https:\/\/www.jacobautorent.ro\/es\/vehiculo-individual\/\" \/>\n<meta property=\"og:site_name\" content=\"Jacob Auto Rent\" \/>\n<meta property=\"article:publisher\" content=\"https:\/\/www.facebook.com\/jacobautorent\" \/>\n<meta property=\"article:modified_time\" content=\"2025-03-13T13:33:01+00:00\" \/>\n<meta name=\"twitter:card\" content=\"summary_large_image\" \/>\n<script type=\"application\/ld+json\" class=\"yoast-schema-graph\">{\"@context\":\"https:\\\/\\\/schema.org\",\"@graph\":[{\"@type\":\"WebPage\",\"@id\":\"https:\\\/\\\/www.jacobautorent.ro\\\/es\\\/vehiculo-individual\\\/\",\"url\":\"https:\\\/\\\/www.jacobautorent.ro\\\/es\\\/vehiculo-individual\\\/\",\"name\":\"Veh\u00edculo individual - Jacob Auto Rent\",\"isPartOf\":{\"@id\":\"https:\\\/\\\/www.jacobautorent.ro\\\/es\\\/#website\"},\"datePublished\":\"2024-05-02T19:00:37+00:00\",\"dateModified\":\"2025-03-13T13:33:01+00:00\",\"breadcrumb\":{\"@id\":\"https:\\\/\\\/www.jacobautorent.ro\\\/es\\\/vehiculo-individual\\\/#breadcrumb\"},\"inLanguage\":\"es\",\"potentialAction\":[{\"@type\":\"ReadAction\",\"target\":[\"https:\\\/\\\/www.jacobautorent.ro\\\/es\\\/vehiculo-individual\\\/\"]}]},{\"@type\":\"BreadcrumbList\",\"@id\":\"https:\\\/\\\/www.jacobautorent.ro\\\/es\\\/vehiculo-individual\\\/#breadcrumb\",\"itemListElement\":[{\"@type\":\"ListItem\",\"position\":1,\"name\":\"Home\",\"item\":\"https:\\\/\\\/www.jacobautorent.ro\\\/es\\\/\"},{\"@type\":\"ListItem\",\"position\":2,\"name\":\"Veh\u00edculo individual\"}]},{\"@type\":\"WebSite\",\"@id\":\"https:\\\/\\\/www.jacobautorent.ro\\\/es\\\/#website\",\"url\":\"https:\\\/\\\/www.jacobautorent.ro\\\/es\\\/\",\"name\":\"Jacob Auto Rent\",\"description\":\"Drive to hot memories!\",\"publisher\":{\"@id\":\"https:\\\/\\\/www.jacobautorent.ro\\\/es\\\/#organization\"},\"potentialAction\":[{\"@type\":\"SearchAction\",\"target\":{\"@type\":\"EntryPoint\",\"urlTemplate\":\"https:\\\/\\\/www.jacobautorent.ro\\\/es\\\/?s={search_term_string}\"},\"query-input\":{\"@type\":\"PropertyValueSpecification\",\"valueRequired\":true,\"valueName\":\"search_term_string\"}}],\"inLanguage\":\"es\"},{\"@type\":\"Organization\",\"@id\":\"https:\\\/\\\/www.jacobautorent.ro\\\/es\\\/#organization\",\"name\":\"Jacob Auto Rent\",\"url\":\"https:\\\/\\\/www.jacobautorent.ro\\\/es\\\/\",\"logo\":{\"@type\":\"ImageObject\",\"inLanguage\":\"es\",\"@id\":\"https:\\\/\\\/www.jacobautorent.ro\\\/es\\\/#\\\/schema\\\/logo\\\/image\\\/\",\"url\":\"https:\\\/\\\/www.jacobautorent.ro\\\/wp-content\\\/uploads\\\/2023\\\/12\\\/cropped-logo248xALB-JACOB-AutoRent.png?wsr\",\"contentUrl\":\"https:\\\/\\\/www.jacobautorent.ro\\\/wp-content\\\/uploads\\\/2023\\\/12\\\/cropped-logo248xALB-JACOB-AutoRent.png?wsr\",\"width\":518,\"height\":185,\"caption\":\"Jacob Auto Rent\"},\"image\":{\"@id\":\"https:\\\/\\\/www.jacobautorent.ro\\\/es\\\/#\\\/schema\\\/logo\\\/image\\\/\"},\"sameAs\":[\"https:\\\/\\\/www.facebook.com\\\/jacobautorent\",\"https:\\\/\\\/www.instagram.com\\\/jacobautorent\"]}]}<\/script>\n<!-- \/ Yoast SEO plugin. -->","yoast_head_json":{"title":"Veh\u00edculo individual - Jacob Auto Rent","robots":{"index":"index","follow":"follow","max-snippet":"max-snippet:-1","max-image-preview":"max-image-preview:large","max-video-preview":"max-video-preview:-1"},"canonical":"https:\/\/www.jacobautorent.ro\/es\/vehiculo-individual\/","og_locale":"es_ES","og_type":"article","og_title":"Veh\u00edculo individual - Jacob Auto Rent","og_description":"Categor\u00eda: Transmisi\u00f3n: N\u00famero de pasajeros: Equipaje: Cuerpo: A\u00f1o de fabricaci\u00f3n: Combustible: N\u00famero de puertas: Color: Opciones: tarifas Precio por 1 d\u00eda DESCRIPCI\u00d3N","og_url":"https:\/\/www.jacobautorent.ro\/es\/vehiculo-individual\/","og_site_name":"Jacob Auto Rent","article_publisher":"https:\/\/www.facebook.com\/jacobautorent","article_modified_time":"2025-03-13T13:33:01+00:00","twitter_card":"summary_large_image","schema":{"@context":"https:\/\/schema.org","@graph":[{"@type":"WebPage","@id":"https:\/\/www.jacobautorent.ro\/es\/vehiculo-individual\/","url":"https:\/\/www.jacobautorent.ro\/es\/vehiculo-individual\/","name":"Veh\u00edculo individual - Jacob Auto Rent","isPartOf":{"@id":"https:\/\/www.jacobautorent.ro\/es\/#website"},"datePublished":"2024-05-02T19:00:37+00:00","dateModified":"2025-03-13T13:33:01+00:00","breadcrumb":{"@id":"https:\/\/www.jacobautorent.ro\/es\/vehiculo-individual\/#breadcrumb"},"inLanguage":"es","potentialAction":[{"@type":"ReadAction","target":["https:\/\/www.jacobautorent.ro\/es\/vehiculo-individual\/"]}]},{"@type":"BreadcrumbList","@id":"https:\/\/www.jacobautorent.ro\/es\/vehiculo-individual\/#breadcrumb","itemListElement":[{"@type":"ListItem","position":1,"name":"Home","item":"https:\/\/www.jacobautorent.ro\/es\/"},{"@type":"ListItem","position":2,"name":"Veh\u00edculo individual"}]},{"@type":"WebSite","@id":"https:\/\/www.jacobautorent.ro\/es\/#website","url":"https:\/\/www.jacobautorent.ro\/es\/","name":"Jacob Auto Rent","description":"Drive to hot memories!","publisher":{"@id":"https:\/\/www.jacobautorent.ro\/es\/#organization"},"potentialAction":[{"@type":"SearchAction","target":{"@type":"EntryPoint","urlTemplate":"https:\/\/www.jacobautorent.ro\/es\/?s={search_term_string}"},"query-input":{"@type":"PropertyValueSpecification","valueRequired":true,"valueName":"search_term_string"}}],"inLanguage":"es"},{"@type":"Organization","@id":"https:\/\/www.jacobautorent.ro\/es\/#organization","name":"Jacob Auto Rent","url":"https:\/\/www.jacobautorent.ro\/es\/","logo":{"@type":"ImageObject","inLanguage":"es","@id":"https:\/\/www.jacobautorent.ro\/es\/#\/schema\/logo\/image\/","url":"https:\/\/www.jacobautorent.ro\/wp-content\/uploads\/2023\/12\/cropped-logo248xALB-JACOB-AutoRent.png?wsr","contentUrl":"https:\/\/www.jacobautorent.ro\/wp-content\/uploads\/2023\/12\/cropped-logo248xALB-JACOB-AutoRent.png?wsr","width":518,"height":185,"caption":"Jacob Auto Rent"},"image":{"@id":"https:\/\/www.jacobautorent.ro\/es\/#\/schema\/logo\/image\/"},"sameAs":["https:\/\/www.facebook.com\/jacobautorent","https:\/\/www.instagram.com\/jacobautorent"]}]}},"_links":{"self":[{"href":"https:\/\/www.jacobautorent.ro\/es\/wp-json\/wp\/v2\/pages\/4548","targetHints":{"allow":["GET"]}}],"collection":[{"href":"https:\/\/www.jacobautorent.ro\/es\/wp-json\/wp\/v2\/pages"}],"about":[{"href":"https:\/\/www.jacobautorent.ro\/es\/wp-json\/wp\/v2\/types\/page"}],"author":[{"embeddable":true,"href":"https:\/\/www.jacobautorent.ro\/es\/wp-json\/wp\/v2\/users\/4"}],"replies":[{"embeddable":true,"href":"https:\/\/www.jacobautorent.ro\/es\/wp-json\/wp\/v2\/comments?post=4548"}],"version-history":[{"count":1,"href":"https:\/\/www.jacobautorent.ro\/es\/wp-json\/wp\/v2\/pages\/4548\/revisions"}],"predecessor-version":[{"id":4552,"href":"https:\/\/www.jacobautorent.ro\/es\/wp-json\/wp\/v2\/pages\/4548\/revisions\/4552"}],"wp:attachment":[{"href":"https:\/\/www.jacobautorent.ro\/es\/wp-json\/wp\/v2\/media?parent=4548"}],"curies":[{"name":"wp","href":"https:\/\/api.w.org\/{rel}","templated":true}]}}