{"id":4574,"date":"2024-06-17T09:46:50","date_gmt":"2024-06-17T07:46:50","guid":{"rendered":"https:\/\/www.jacobautorent.ro\/alquiler-de-coches-a-largo-plazo\/"},"modified":"2025-03-26T13:30:14","modified_gmt":"2025-03-26T11:30:14","slug":"alquiler-de-coches-a-largo-plazo","status":"publish","type":"page","link":"https:\/\/www.jacobautorent.ro\/es\/alquiler-de-coches-a-largo-plazo\/","title":{"rendered":"Alquiler de coches a largo plazo"},"content":{"rendered":"<div class=\"wpb-content-wrapper\"><p>[vc_row][vc_column width=\u00bb1\/2&#8243;][vc_column_text]<br \/>\n<script data-b24-form=\"inline\/60\/dimnoq\" data-skip-moving=\"true\">\n(function(w,d,u){\nvar s=d.createElement('script');s.async=true;s.src=u+'?'+(Date.now()\/180000|0);\nvar h=d.getElementsByTagName('script')[0];h.parentNode.insertBefore(s,h);\n})(window,document,'https:\/\/bitrix.roju.ro\/upload\/crm\/form\/loader_60_dimnoq.js');\n<\/script><br \/>\n[\/vc_column_text][\/vc_column][vc_column width=\u00bb1\/2&#8243;][vc_single_image image=\u00bb5060&#8243; img_size=\u00bbfull\u00bb css=\u00bb\u00bb][\/vc_column][\/vc_row][vc_row css=\u00bb.vc_custom_1742988103644{border-top-width: 1px !important;border-right-width: 1px !important;padding-right: 20px !important;padding-left: 20px !important;border-right-style: solid !important;border-top-style: solid !important;border-color: #be0a6e !important;}\u00bb][vc_column][vc_column_text css=\u00bb\u00bb]<\/p>\n<h3><strong>Alquiler de coches a medio y largo plazo: \u00a1sin estr\u00e9s, sin complicaciones, solo carreteras tranquilas! \ud83d\ude97<\/strong><\/h3>\n<p>\u00bfNecesita un coche por un periodo m\u00e1s largo, pero sin el estr\u00e9s de comprarlo, mantenerlo o pagar tarifas ocultas? <strong>Jacob Auto Rent<\/strong> le ofrece una soluci\u00f3n sencilla y c\u00f3moda, tanto si es <strong>una empresa<\/strong> que quiere optimizar la movilidad de sus empleados como si es <strong>un cliente particular<\/strong> que desea libertad de movimiento sin concesiones.<\/p>\n<h3><strong>\u00bfPor qu\u00e9 elegir el alquiler a medio y largo plazo?<\/strong><\/h3>\n<h4><strong>Flexibilidad y Simplicidad<\/strong><\/h4>\n<p>Sabemos que sus necesidades pueden variar, por lo que no tiene que quedar atrapado en un contrato r\u00edgido. En <strong>Jacob Auto Rent<\/strong> te ofrecemos <strong>ofertas personalizadas<\/strong> tanto si necesitas un coche por <strong>unos meses<\/strong> como por m\u00e1s tiempo. \u00a1T\u00fa eliges el modelo adecuado y nosotros nos encargamos del resto!<\/p>\n<p>[\/vc_column_text][\/vc_column][\/vc_row][vc_row css=\u00bb.vc_custom_1742988127643{padding-right: 20px !important;padding-left: 50px !important;background-color: #e8e8e8 !important;}\u00bb][vc_column][vc_column_text css=\u00bb\u00bb]<\/p>\n<h3><strong>Tienes a tu disposici\u00f3n una flota moderna y variada<\/strong><\/h3>\n<p>Ya sea que necesite <strong>un autom\u00f3vil econ\u00f3mico<\/strong> para la ciudad, <strong>un SUV espacioso<\/strong> para caminos largos o <strong>una camioneta<\/strong> para transporte, tenemos opciones para cada estilo de conducci\u00f3n:<\/p>\n<p>\u2714 <strong>Coches econ\u00f3micos<\/strong> : perfectos para viajar de forma eficiente y con un consumo reducido:<br \/>Skoda Fabia, Renault Clio, Skoda Scala, VW Polo, Ford Fiesta, Seat Ibiza<\/p>\n<p>\u2714 <strong>Compactos y c\u00f3modos<\/strong> , ideales para v\u00edas urbanas y extraurbanas:<br \/>Logan manual, Logan autom\u00e1tico, Skoda Octavia, Skoda Rapid, Ford Focus EcoBoost Titanium<\/p>\n<p>\u2714 <strong>SUV potentes<\/strong> : mayor seguridad y comodidad en cualquier tipo de terreno:<br \/>Stepway autom\u00e1tico, Seat Arona, Dacia Duster, VW Tiguan 4Motion, Seat Ateca, Nissan Qashqai<\/p>\n<p>\u2714 <strong>Veh\u00edculos premium<\/strong> : para mayor elegancia y rendimiento:<br \/>Mercedes GLA, GLC, GLE, GLS<\/p>\n<p>\u2714 <strong>Furgonetas<\/strong> : la soluci\u00f3n ideal para el transporte de mercanc\u00edas o equipos:<br \/>Ford, Mercedes, Fiat<\/p>\n<p>\u2714 <strong>MiniVan para grupos<\/strong> \u2013 ideal para viajes en equipo o en familia:<br \/>Mercedes Vito 8+1, Jogger 6+1<\/p>\n<p><em>\u00a1Nuestra flota es mucho m\u00e1s variada! Cont\u00e1ctanos para descubrir todas las opciones disponibles.<\/em><\/p>\n<p>[\/vc_column_text][\/vc_column][\/vc_row][vc_row css=\u00bb.vc_custom_1742988155119{border-right-width: 1px !important;padding-right: 20px !important;padding-left: 20px !important;border-right-style: solid !important;border-color: #be0a6e !important;}\u00bb][vc_column][vc_column_text css=\u00bb\u00bb]<\/p>\n<h3><strong>Costos transparentes, sin sorpresas<\/strong><\/h3>\n<p>Sabes exactamente cu\u00e1nto pagas cada mes. <strong>Sin cargos ocultos, sin estr\u00e9s.<\/strong> Adem\u00e1s, no tienes que preocuparte por el mantenimiento, los impuestos o el seguro: <strong>\u00a1nosotros nos encargamos de todo!<\/strong><\/p>\n<h3><strong>Mantenimiento y Asistencia en Carretera Incluidos<\/strong><\/h3>\n<p>Todos nuestros veh\u00edculos se benefician de <strong>un mantenimiento peri\u00f3dico<\/strong> y <strong>asistencia en carretera 24 horas al d\u00eda, 7 d\u00edas a la semana<\/strong> . Si surge alg\u00fan problema \u00a1siempre estamos a s\u00f3lo una llamada de distancia!<\/p>\n<h3><strong>Preguntas frecuentes (FAQ)<\/strong><\/h3>\n<p><strong>\u00bfQu\u00e9 tipos de veh\u00edculos puedo alquilar a medio y largo plazo?<\/strong><br \/>Podr\u00e1s elegir entre una amplia gama de <strong>coches compactos, SUV, veh\u00edculos de lujo y furgonetas<\/strong> , todos ellos modernos y bien mantenidos.<\/p>\n<p><strong>\u00bfC\u00f3mo pueden beneficiarse las empresas de este servicio?<\/strong><br \/>Las empresas pueden <strong>optimizar su flota de veh\u00edculos<\/strong> , beneficiarse de <strong>ventajas fiscales<\/strong> y garantizar <strong>la movilidad de sus empleados<\/strong> sin costes de adquisici\u00f3n elevados.<\/p>\n<p><strong>Incluye el alquiler de larga duraci\u00f3n?<\/strong><br \/>\u2714 <strong>Mantenimiento regular<\/strong><br \/>\u2714 <strong>Asistencia en carretera 24 horas al d\u00eda, 7 d\u00edas a la semana<\/strong><br \/>\u2714 <strong>Soporte personalizado para cada necesidad<\/strong><\/p>\n<h3><strong>\ud83d\ude97 un coche a largo plazo? \u00a1Deja que nosotros nos encarguemos de todo y t\u00fa disfruta del viaje!<br \/><\/strong><strong>\ud83d\udcde \u00a1Cont\u00e1ctanos para una Oferta Personalizada!<\/strong><\/h3>\n<p>\u00bfNecesitas una oferta personalizada o quieres saber m\u00e1s detalles? Escr\u00edbenos y te ofreceremos la mejor soluci\u00f3n para ti:<\/p>\n<p>Tel\u00e9fono: +4.0746.889.888 | <strong>Correo electr\u00f3nico<\/strong> : <a href=\"mailto:book@jacobautorent.ro\">book@jacobautorent.ro<\/a><\/p>\n<p><strong>#AlquilerDeAutos #JacobAutoRent #SinEstr\u00e9s #LargoPlazo #Flexibilidad #Eficiencia #Movilidad #ConduceTuSue\u00f1o<\/strong> \ud83d\ude97\u00a0<\/p>\n<p>[\/vc_column_text][\/vc_column][\/vc_row]<\/p>\n<\/div>","protected":false},"excerpt":{"rendered":"<p>[vc_row][vc_column width=\u00bb1\/2&#8243;][vc_column_text] [\/vc_column_text][\/vc_column][vc_column width=\u00bb1\/2&#8243;][vc_single_image image=\u00bb5060&#8243; img_size=\u00bbfull\u00bb css=\u00bb\u00bb][\/vc_column][\/vc_row][vc_row css=\u00bb.vc_custom_1742988103644{border-top-width: 1px !important;border-right-width: 1px !important;padding-right: 20px !important;padding-left: 20px !important;border-right-style: solid !important;border-top-style: solid !important;border-color: #be0a6e !important;}\u00bb][vc_column][vc_column_text css=\u00bb\u00bb] Alquiler de coches a medio y largo plazo: \u00a1sin estr\u00e9s, sin complicaciones, solo carreteras tranquilas! \ud83d\ude97 \u00bfNecesita un coche por un periodo m\u00e1s largo, pero sin el estr\u00e9s de comprarlo, mantenerlo o [&hellip;]<\/p>\n","protected":false},"author":4,"featured_media":0,"parent":0,"menu_order":0,"comment_status":"closed","ping_status":"closed","template":"","meta":{"_acf_changed":false,"footnotes":""},"class_list":["post-4574","page","type-page","status-publish","hentry"],"acf":[],"yoast_head":"<!-- This site is optimized with the Yoast SEO plugin v27.5 - https:\/\/yoast.com\/product\/yoast-seo-wordpress\/ -->\n<title>Alquiler de coches a largo plazo - Jacob Auto Rent<\/title>\n<meta name=\"description\" content=\"\u00a1Alquile un coche a largo plazo con Jacob Auto Rent! Flota moderna, funcionalidades premium, Apple CarPlay y Waze. \u00a1Reserva al +40746889888!\" \/>\n<meta name=\"robots\" content=\"index, follow, max-snippet:-1, max-image-preview:large, max-video-preview:-1\" \/>\n<link rel=\"canonical\" href=\"https:\/\/www.jacobautorent.ro\/es\/alquiler-de-coches-a-largo-plazo\/\" \/>\n<meta property=\"og:locale\" content=\"es_ES\" \/>\n<meta property=\"og:type\" content=\"article\" \/>\n<meta property=\"og:title\" content=\"Alquiler de coches a largo plazo - Jacob Auto Rent\" \/>\n<meta property=\"og:description\" content=\"\u00a1Alquile un coche a largo plazo con Jacob Auto Rent! Flota moderna, funcionalidades premium, Apple CarPlay y Waze. \u00a1Reserva al +40746889888!\" \/>\n<meta property=\"og:url\" content=\"https:\/\/www.jacobautorent.ro\/es\/alquiler-de-coches-a-largo-plazo\/\" \/>\n<meta property=\"og:site_name\" content=\"Jacob Auto Rent\" \/>\n<meta property=\"article:publisher\" content=\"https:\/\/www.facebook.com\/jacobautorent\" \/>\n<meta property=\"article:modified_time\" content=\"2025-03-26T11:30:14+00:00\" \/>\n<meta name=\"twitter:card\" content=\"summary_large_image\" \/>\n<meta name=\"twitter:label1\" content=\"Tiempo de lectura\" \/>\n\t<meta name=\"twitter:data1\" content=\"3 minutos\" \/>\n<script type=\"application\/ld+json\" class=\"yoast-schema-graph\">{\"@context\":\"https:\\\/\\\/schema.org\",\"@graph\":[{\"@type\":\"WebPage\",\"@id\":\"https:\\\/\\\/www.jacobautorent.ro\\\/es\\\/alquiler-de-coches-a-largo-plazo\\\/\",\"url\":\"https:\\\/\\\/www.jacobautorent.ro\\\/es\\\/alquiler-de-coches-a-largo-plazo\\\/\",\"name\":\"Alquiler de coches a largo plazo - Jacob Auto Rent\",\"isPartOf\":{\"@id\":\"https:\\\/\\\/www.jacobautorent.ro\\\/es\\\/#website\"},\"datePublished\":\"2024-06-17T07:46:50+00:00\",\"dateModified\":\"2025-03-26T11:30:14+00:00\",\"description\":\"\u00a1Alquile un coche a largo plazo con Jacob Auto Rent! Flota moderna, funcionalidades premium, Apple CarPlay y Waze. \u00a1Reserva al +40746889888!\",\"breadcrumb\":{\"@id\":\"https:\\\/\\\/www.jacobautorent.ro\\\/es\\\/alquiler-de-coches-a-largo-plazo\\\/#breadcrumb\"},\"inLanguage\":\"es\",\"potentialAction\":[{\"@type\":\"ReadAction\",\"target\":[\"https:\\\/\\\/www.jacobautorent.ro\\\/es\\\/alquiler-de-coches-a-largo-plazo\\\/\"]}]},{\"@type\":\"BreadcrumbList\",\"@id\":\"https:\\\/\\\/www.jacobautorent.ro\\\/es\\\/alquiler-de-coches-a-largo-plazo\\\/#breadcrumb\",\"itemListElement\":[{\"@type\":\"ListItem\",\"position\":1,\"name\":\"Home\",\"item\":\"https:\\\/\\\/www.jacobautorent.ro\\\/es\\\/\"},{\"@type\":\"ListItem\",\"position\":2,\"name\":\"Alquiler de coches a largo plazo con Jacob Auto Rent\"}]},{\"@type\":\"WebSite\",\"@id\":\"https:\\\/\\\/www.jacobautorent.ro\\\/es\\\/#website\",\"url\":\"https:\\\/\\\/www.jacobautorent.ro\\\/es\\\/\",\"name\":\"Jacob Auto Rent\",\"description\":\"Drive to hot memories!\",\"publisher\":{\"@id\":\"https:\\\/\\\/www.jacobautorent.ro\\\/es\\\/#organization\"},\"potentialAction\":[{\"@type\":\"SearchAction\",\"target\":{\"@type\":\"EntryPoint\",\"urlTemplate\":\"https:\\\/\\\/www.jacobautorent.ro\\\/es\\\/?s={search_term_string}\"},\"query-input\":{\"@type\":\"PropertyValueSpecification\",\"valueRequired\":true,\"valueName\":\"search_term_string\"}}],\"inLanguage\":\"es\"},{\"@type\":\"Organization\",\"@id\":\"https:\\\/\\\/www.jacobautorent.ro\\\/es\\\/#organization\",\"name\":\"Jacob Auto Rent\",\"url\":\"https:\\\/\\\/www.jacobautorent.ro\\\/es\\\/\",\"logo\":{\"@type\":\"ImageObject\",\"inLanguage\":\"es\",\"@id\":\"https:\\\/\\\/www.jacobautorent.ro\\\/es\\\/#\\\/schema\\\/logo\\\/image\\\/\",\"url\":\"https:\\\/\\\/www.jacobautorent.ro\\\/wp-content\\\/uploads\\\/2023\\\/12\\\/cropped-logo248xALB-JACOB-AutoRent.png?wsr\",\"contentUrl\":\"https:\\\/\\\/www.jacobautorent.ro\\\/wp-content\\\/uploads\\\/2023\\\/12\\\/cropped-logo248xALB-JACOB-AutoRent.png?wsr\",\"width\":518,\"height\":185,\"caption\":\"Jacob Auto Rent\"},\"image\":{\"@id\":\"https:\\\/\\\/www.jacobautorent.ro\\\/es\\\/#\\\/schema\\\/logo\\\/image\\\/\"},\"sameAs\":[\"https:\\\/\\\/www.facebook.com\\\/jacobautorent\",\"https:\\\/\\\/www.instagram.com\\\/jacobautorent\"]}]}<\/script>\n<!-- \/ Yoast SEO plugin. -->","yoast_head_json":{"title":"Alquiler de coches a largo plazo - Jacob Auto Rent","description":"\u00a1Alquile un coche a largo plazo con Jacob Auto Rent! Flota moderna, funcionalidades premium, Apple CarPlay y Waze. \u00a1Reserva al +40746889888!","robots":{"index":"index","follow":"follow","max-snippet":"max-snippet:-1","max-image-preview":"max-image-preview:large","max-video-preview":"max-video-preview:-1"},"canonical":"https:\/\/www.jacobautorent.ro\/es\/alquiler-de-coches-a-largo-plazo\/","og_locale":"es_ES","og_type":"article","og_title":"Alquiler de coches a largo plazo - Jacob Auto Rent","og_description":"\u00a1Alquile un coche a largo plazo con Jacob Auto Rent! Flota moderna, funcionalidades premium, Apple CarPlay y Waze. \u00a1Reserva al +40746889888!","og_url":"https:\/\/www.jacobautorent.ro\/es\/alquiler-de-coches-a-largo-plazo\/","og_site_name":"Jacob Auto Rent","article_publisher":"https:\/\/www.facebook.com\/jacobautorent","article_modified_time":"2025-03-26T11:30:14+00:00","twitter_card":"summary_large_image","twitter_misc":{"Tiempo de lectura":"3 minutos"},"schema":{"@context":"https:\/\/schema.org","@graph":[{"@type":"WebPage","@id":"https:\/\/www.jacobautorent.ro\/es\/alquiler-de-coches-a-largo-plazo\/","url":"https:\/\/www.jacobautorent.ro\/es\/alquiler-de-coches-a-largo-plazo\/","name":"Alquiler de coches a largo plazo - Jacob Auto Rent","isPartOf":{"@id":"https:\/\/www.jacobautorent.ro\/es\/#website"},"datePublished":"2024-06-17T07:46:50+00:00","dateModified":"2025-03-26T11:30:14+00:00","description":"\u00a1Alquile un coche a largo plazo con Jacob Auto Rent! Flota moderna, funcionalidades premium, Apple CarPlay y Waze. \u00a1Reserva al +40746889888!","breadcrumb":{"@id":"https:\/\/www.jacobautorent.ro\/es\/alquiler-de-coches-a-largo-plazo\/#breadcrumb"},"inLanguage":"es","potentialAction":[{"@type":"ReadAction","target":["https:\/\/www.jacobautorent.ro\/es\/alquiler-de-coches-a-largo-plazo\/"]}]},{"@type":"BreadcrumbList","@id":"https:\/\/www.jacobautorent.ro\/es\/alquiler-de-coches-a-largo-plazo\/#breadcrumb","itemListElement":[{"@type":"ListItem","position":1,"name":"Home","item":"https:\/\/www.jacobautorent.ro\/es\/"},{"@type":"ListItem","position":2,"name":"Alquiler de coches a largo plazo con Jacob Auto Rent"}]},{"@type":"WebSite","@id":"https:\/\/www.jacobautorent.ro\/es\/#website","url":"https:\/\/www.jacobautorent.ro\/es\/","name":"Jacob Auto Rent","description":"Drive to hot memories!","publisher":{"@id":"https:\/\/www.jacobautorent.ro\/es\/#organization"},"potentialAction":[{"@type":"SearchAction","target":{"@type":"EntryPoint","urlTemplate":"https:\/\/www.jacobautorent.ro\/es\/?s={search_term_string}"},"query-input":{"@type":"PropertyValueSpecification","valueRequired":true,"valueName":"search_term_string"}}],"inLanguage":"es"},{"@type":"Organization","@id":"https:\/\/www.jacobautorent.ro\/es\/#organization","name":"Jacob Auto Rent","url":"https:\/\/www.jacobautorent.ro\/es\/","logo":{"@type":"ImageObject","inLanguage":"es","@id":"https:\/\/www.jacobautorent.ro\/es\/#\/schema\/logo\/image\/","url":"https:\/\/www.jacobautorent.ro\/wp-content\/uploads\/2023\/12\/cropped-logo248xALB-JACOB-AutoRent.png?wsr","contentUrl":"https:\/\/www.jacobautorent.ro\/wp-content\/uploads\/2023\/12\/cropped-logo248xALB-JACOB-AutoRent.png?wsr","width":518,"height":185,"caption":"Jacob Auto Rent"},"image":{"@id":"https:\/\/www.jacobautorent.ro\/es\/#\/schema\/logo\/image\/"},"sameAs":["https:\/\/www.facebook.com\/jacobautorent","https:\/\/www.instagram.com\/jacobautorent"]}]}},"jetpack_sharing_enabled":true,"_links":{"self":[{"href":"https:\/\/www.jacobautorent.ro\/es\/wp-json\/wp\/v2\/pages\/4574","targetHints":{"allow":["GET"]}}],"collection":[{"href":"https:\/\/www.jacobautorent.ro\/es\/wp-json\/wp\/v2\/pages"}],"about":[{"href":"https:\/\/www.jacobautorent.ro\/es\/wp-json\/wp\/v2\/types\/page"}],"author":[{"embeddable":true,"href":"https:\/\/www.jacobautorent.ro\/es\/wp-json\/wp\/v2\/users\/4"}],"replies":[{"embeddable":true,"href":"https:\/\/www.jacobautorent.ro\/es\/wp-json\/wp\/v2\/comments?post=4574"}],"version-history":[{"count":2,"href":"https:\/\/www.jacobautorent.ro\/es\/wp-json\/wp\/v2\/pages\/4574\/revisions"}],"predecessor-version":[{"id":5062,"href":"https:\/\/www.jacobautorent.ro\/es\/wp-json\/wp\/v2\/pages\/4574\/revisions\/5062"}],"wp:attachment":[{"href":"https:\/\/www.jacobautorent.ro\/es\/wp-json\/wp\/v2\/media?parent=4574"}],"curies":[{"name":"wp","href":"https:\/\/api.w.org\/{rel}","templated":true}]}}